{"id":2225,"date":"2018-04-10T14:18:10","date_gmt":"2018-04-10T12:18:10","guid":{"rendered":"http:\/\/www.openfire.si\/izdelek\/grill-einsteiger\/"},"modified":"2018-10-05T10:24:19","modified_gmt":"2018-10-05T08:24:19","slug":"grill-einsteiger","status":"publish","type":"product","link":"https:\/\/www.openfire.si\/de\/produkt\/grill-einsteiger\/","title":{"rendered":"Grill Einsteiger"},"content":{"rendered":"<p>[vc_row][vc_column css=&#8220;.vc_custom_1493038156710{margin-bottom: -15px !important;}&#8220;]\n\t\t<div id=\"woodmart-title-id-69d8d110e1227\" class=\"title-wrapper  woodmart-title-color-default woodmart-title-style-default woodmart-title-size-small woodmart-title-width-100 text-left \">\n\n\t\t\t\n\t\t\t<div class=\"liner-continer\">\n\t\t\t\t<span class=\"left-line\"><\/span>\n\t\t\t\t <h4 class=\"woodmart-title-container title  woodmart-font-weight-\" >BEGINNER SET CONTENT<\/h4>\t\t\t\t \t\t\t\t<span class=\"right-line\"><\/span>\n\t\t\t<\/div>\n\t\t\t\n\t\t\t\t\t\t\n\t\t\t\n\t\t<\/div>\n\t\t\n\t\t[\/vc_column][\/vc_row][vc_row content_placement=&#8220;top&#8220;][vc_column offset=&#8220;vc_col-md-6&#8243;][vc_column_text]<strong>Grundfeuerstelle<\/strong>\u00a0\u2013 Der Hauptteil des Open Fire Grills ist die Feuerstelle. \u00a0Es dient f\u00fcr die Feuervorbereitung. Die R\u00e4der auf der R\u00fcckseite erm\u00f6glichen eine einfache Bewegung im Garten. Der Grill ist auch mit dem Tr\u00e4ger f\u00fcr zus\u00e4tzliche Anschl\u00fcsse ausgestattet, wodurch der \u00a0Open Fire Grill in eine vielseitige Gartenk\u00fcche ge\u00e4ndert wird. Unter der Feuerstelle befindet sich eine Blende, die eine Besch\u00e4digung der Grasoberfl\u00e4che verhindert. Alle Teile, die keinen hohen Temperaturen ausgesetzt sind, werden mit einer zus\u00e4tzlichen Farbschutzschicht beschichtet.<\/p>\n<p><strong>Windblende<\/strong>\u00a0\u2013\u00a0Mittels Windblende werden die Flamme und die Glut w\u00e4hrend dem Heizen und Backen vor der Windeinwirkung gesch\u00fctzt. Sie k\u00f6nnen die Blende \u00fcber der gesamten Grillkante bewegen und an den St\u00fctzen unter dem Grill aufbewahren.<\/p>\n<p><strong>Grillgitter<\/strong>\u00a0\u2013\u00a0Gitter ist aus 6 mm starkem Eisen gefertigt und ist dadurch sehr dauerhaft. Das Gitter ist zum Backen von verschiedenen Gerichten am Grill bestimmt.<\/p>\n<p><strong>Zus\u00e4tzliche Feuerstelle<\/strong><strong> \u00d8 0,71 cm<\/strong> \u00a0\u2013\u00a0Diese Feuerstelle ist bestimmt f\u00fcr die Zubereitung von Feuer und Glut und ist besonders n\u00fctzlich, wenn mehrere Dinge gleichzeitig gemacht werden.<\/p>\n<p><strong>Kesselbogen<\/strong><strong>\u00a0<\/strong>\u2013 Auf den Bogen kann man den Kessel in unterschiedlichen Gr\u00f6\u00dfen aufh\u00e4ngen. Mit der durchlaufenden Kette kann man den Kessel nach unten oder nach oben bewegen und die H\u00f6he und Entfernung vom Feuer einstellen. .Perfekt f\u00fcr Gulasch, Suppen oder auch Gl\u00fchwein.<\/p>\n<p><strong>Verl\u00e4ngerung klein\/gro\u00df<\/strong><strong>\u00a0<\/strong>\u2013\u00a0Diese Verl\u00e4ngerungen erweitern die Multifunktionalit\u00e4t des Open Fire Grills und erm\u00f6glicht, dass alle Anschl\u00fcsse angehoben und abgesenkt werden k\u00f6nnen. So k\u00f6nnen wir die zus\u00e4tzliche Feuerstelle und Grillgitter auf eine neue Ebene oder neue H\u00f6he bringen, wo das Essen vorbereitet wird und an der Hauptfeuerstelle k\u00f6nnen wir die Glut vorbereiten.<\/p>\n<p><strong>Schaufel \u2013\u00a0<\/strong>Die \u00a0Schaufel wird verwendet, um das Feuer und die Glut in der Feuerstelle zu bewegen, den Dutch Deckel mit Glut zu belegen und auch den\u00a0 Deckel f\u00fcr den \u00a0Dutch Oven zu \u00f6ffnen.[\/vc_column_text][\/vc_column][vc_column offset=&#8220;vc_col-md-6&#8243;][vc_single_image image=&#8220;1619&#8243; img_size=&#8220;large&#8220; onclick=&#8220;link_image&#8220;][\/vc_column][\/vc_row]<\/p>\n","protected":false},"excerpt":{"rendered":"<p><strong>Enth\u00e4lt:<\/strong> Grundfeuerstelle, Windblende, Kesselbogen, Grillgitter, Zus\u00e4tzliche Feuerstelle (Wok), Schaufel, Verl\u00e4ngerung klein\/gro\u00df.<\/p>\n","protected":false},"featured_media":2083,"comment_status":"open","ping_status":"closed","template":"","meta":{"_exactmetrics_skip_tracking":false,"_exactmetrics_sitenote_active":false,"_exactmetrics_sitenote_note":"","_exactmetrics_sitenote_category":0},"product_cat":[229],"product_tag":[],"_links":{"self":[{"href":"https:\/\/www.openfire.si\/de\/wp-json\/wp\/v2\/product\/2225"}],"collection":[{"href":"https:\/\/www.openfire.si\/de\/wp-json\/wp\/v2\/product"}],"about":[{"href":"https:\/\/www.openfire.si\/de\/wp-json\/wp\/v2\/types\/product"}],"replies":[{"embeddable":true,"href":"https:\/\/www.openfire.si\/de\/wp-json\/wp\/v2\/comments?post=2225"}],"wp:featuredmedia":[{"embeddable":true,"href":"https:\/\/www.openfire.si\/de\/wp-json\/wp\/v2\/media\/2083"}],"wp:attachment":[{"href":"https:\/\/www.openfire.si\/de\/wp-json\/wp\/v2\/media?parent=2225"}],"wp:term":[{"taxonomy":"product_cat","embeddable":true,"href":"https:\/\/www.openfire.si\/de\/wp-json\/wp\/v2\/product_cat?post=2225"},{"taxonomy":"product_tag","embeddable":true,"href":"https:\/\/www.openfire.si\/de\/wp-json\/wp\/v2\/product_tag?post=2225"}],"curies":[{"name":"wp","href":"https:\/\/api.w.org\/{rel}","templated":true}]}}