{"id":2222,"date":"2018-04-10T14:38:48","date_gmt":"2018-04-10T12:38:48","guid":{"rendered":"http:\/\/www.openfire.si\/izdelek\/grundfeuerstelle\/"},"modified":"2018-10-05T10:24:09","modified_gmt":"2018-10-05T08:24:09","slug":"grundfeuerstelle","status":"publish","type":"product","link":"https:\/\/www.openfire.si\/de\/produkt\/grundfeuerstelle\/","title":{"rendered":"Grundfeuerstelle"},"content":{"rendered":"<p>[vc_row][vc_column css=&#8220;.vc_custom_1493038156710{margin-bottom: -15px !important;}&#8220;]\n\t\t<div id=\"woodmart-title-id-69d8e7c504b4d\" class=\"title-wrapper  woodmart-title-color-default woodmart-title-style-default woodmart-title-size-small woodmart-title-width-100 text-left \">\n\n\t\t\t\n\t\t\t<div class=\"liner-continer\">\n\t\t\t\t<span class=\"left-line\"><\/span>\n\t\t\t\t <h4 class=\"woodmart-title-container title  woodmart-font-weight-\" >GRUNDFEUERSTELLE<\/h4>\t\t\t\t \t\t\t\t<span class=\"right-line\"><\/span>\n\t\t\t<\/div>\n\t\t\t\n\t\t\t\t\t\t\n\t\t\t\n\t\t<\/div>\n\t\t\n\t\t[\/vc_column][\/vc_row][vc_row content_placement=&#8220;top&#8220;][vc_column offset=&#8220;vc_col-md-6&#8243;][vc_column_text]Der Hauptteil des Open Fire Grills ist die Feuerstelle. Es dient f\u00fcr die Feuervorbereitung. Die R\u00e4der auf der R\u00fcckseite erm\u00f6glichen eine einfache Bewegung im Garten. Der Grill ist auch mit dem Tr\u00e4ger f\u00fcr zus\u00e4tzliche Anschl\u00fcsse ausgestattet, wodurch der\u00a0 Open Fire Grill in eine vielseitige Gartenk\u00fcche ge\u00e4ndert wird. Unter der Feuerstelle befindet sich eine Blende, die eine Besch\u00e4digung der Grasoberfl\u00e4che verhindert. Alle Teile, die keinen hohen Temperaturen ausgesetzt sind, werden mit einer zus\u00e4tzlichen Farbschutzschicht beschichtet.[\/vc_column_text][\/vc_column][vc_column offset=&#8220;vc_col-md-6&#8243;][vc_single_image image=&#8220;1619&#8243; img_size=&#8220;large&#8220; onclick=&#8220;link_image&#8220;][\/vc_column][\/vc_row]<\/p>\n","protected":false},"excerpt":{"rendered":"<p>Der Hauptteil des Open Fire Grills ist die Feuerstelle. Es dient f\u00fcr die Feuervorbereitung. Die R\u00e4der auf der R\u00fcckseite erm\u00f6glichen eine einfache Bewegung im Garten. Der Grill ist auch mit dem Tr\u00e4ger f\u00fcr zus\u00e4tzliche Anschl\u00fcsse ausgestattet, wodurch der\u00a0 Open Fire Grill in eine vielseitige Gartenk\u00fcche ge\u00e4ndert wird. Unter der Feuerstelle befindet sich eine Blende, die eine Besch\u00e4digung der Grasoberfl\u00e4che verhindert. Alle Teile, die keinen hohen Temperaturen ausgesetzt sind, werden mit einer zus\u00e4tzlichen Farbschutzschicht beschichtet.<\/p>\n","protected":false},"featured_media":2085,"comment_status":"open","ping_status":"closed","template":"","meta":{"_exactmetrics_skip_tracking":false,"_exactmetrics_sitenote_active":false,"_exactmetrics_sitenote_note":"","_exactmetrics_sitenote_category":0},"product_cat":[229],"product_tag":[],"_links":{"self":[{"href":"https:\/\/www.openfire.si\/de\/wp-json\/wp\/v2\/product\/2222"}],"collection":[{"href":"https:\/\/www.openfire.si\/de\/wp-json\/wp\/v2\/product"}],"about":[{"href":"https:\/\/www.openfire.si\/de\/wp-json\/wp\/v2\/types\/product"}],"replies":[{"embeddable":true,"href":"https:\/\/www.openfire.si\/de\/wp-json\/wp\/v2\/comments?post=2222"}],"wp:featuredmedia":[{"embeddable":true,"href":"https:\/\/www.openfire.si\/de\/wp-json\/wp\/v2\/media\/2085"}],"wp:attachment":[{"href":"https:\/\/www.openfire.si\/de\/wp-json\/wp\/v2\/media?parent=2222"}],"wp:term":[{"taxonomy":"product_cat","embeddable":true,"href":"https:\/\/www.openfire.si\/de\/wp-json\/wp\/v2\/product_cat?post=2222"},{"taxonomy":"product_tag","embeddable":true,"href":"https:\/\/www.openfire.si\/de\/wp-json\/wp\/v2\/product_tag?post=2222"}],"curies":[{"name":"wp","href":"https:\/\/api.w.org\/{rel}","templated":true}]}}