{"id":2188,"date":"2018-04-10T10:09:19","date_gmt":"2018-04-10T08:09:19","guid":{"rendered":"http:\/\/www.openfire.si\/unsere-geschichte\/"},"modified":"2018-09-21T12:58:41","modified_gmt":"2018-09-21T10:58:41","slug":"unsere-geschichte","status":"publish","type":"page","link":"https:\/\/www.openfire.si\/de\/unsere-geschichte\/","title":{"rendered":"Unsere Geschichte"},"content":{"rendered":"<p>[vc_row css=&#8220;.vc_custom_1520260877311{margin-bottom: 5vh !important;}&#8220;][vc_column][vc_empty_space height=&#8220;20px&#8220;][vc_custom_heading text=&#8220;Geschichte&#8220; font_container=&#8220;tag:h4|font_size:70|text_align:center|color:rgba(124%2C124%2C124%2C0.05)|line_height:1&#8243; use_theme_fonts=&#8220;yes&#8220; el_class=&#8220;hidden-xs&#8220; css=&#8220;.vc_custom_1523347534222{margin-bottom: -90px !important;}&#8220;]\n\t\t<div id=\"woodmart-title-id-69d8e7c663377\" class=\"title-wrapper  woodmart-title-color-primary woodmart-title-style-default woodmart-title-size-large woodmart-title-width-100 text-center \">\n\n\t\t\t\t\t\t\t<div class=\"title-subtitle  font-default style-default\"><strong>DIE GESCHICHTE \u00dcBER DEN OPEN FIRE<\/strong><\/div>\n\t\t\t\n\t\t\t<div class=\"liner-continer\">\n\t\t\t\t<span class=\"left-line\"><\/span>\n\t\t\t\t <h4 class=\"woodmart-title-container title  woodmart-font-weight-\" >Der mobile Gartengrill f\u00fcr die offene Flamme<\/h4>\t\t\t\t \t\t\t\t<span class=\"right-line\"><\/span>\n\t\t\t<\/div>\n\t\t\t\n\t\t\t\t\t\t\n\t\t\t\n\t\t<\/div>\n\t\t\n\t\t[\/vc_column][\/vc_row][vc_row content_placement=&#8220;middle&#8220; css=&#8220;.vc_custom_1504016749019{margin-bottom: 2vh !important;}&#8220;][vc_column css=&#8220;.vc_custom_1503987927476{margin-bottom: 35px !important;padding-top: 0px !important;}&#8220; offset=&#8220;vc_col-md-6&#8243;][vc_video link=&#8220;https:\/\/www.youtube.com\/watch?v=K_x1G_Bx7Bs&#8220; image_poster_switch=&#8220;yes&#8220; poster_image=&#8220;1645&#8243; css=&#8220;.vc_custom_1537527531505{margin-top: 3vh !important;margin-bottom: 3vh !important;}&#8220;][\/vc_column][vc_column css=&#8220;.vc_custom_1504016632988{margin-bottom: 4vh !important;padding-top: 0px !important;}&#8220; offset=&#8220;vc_col-md-6&#8243;]\t\n\t\t\t<div id=\"woodmart-text-block-id-69d8e7c663452\" class=\"woodmart-text-block-wrapper color-scheme-dark woodmart-title-size-custom woodmart-title-width-80 text-center vc_custom_1537217083216\">\n\t\t\t\t<div class=\"woodmart-title-container woodmart-text-block font-primary woodmart-font-weight-400\">\n\t\t\t\t\tDie Geschichte von Rajko Oblak\t\t\t\t<\/div>\n\t\t\t\t\t\t\t\t\t<style>\n\t\t\t\t\t\t\t\t\t\t\t\t\n\t\t\t\t\t\t\t#woodmart-text-block-id-69d8e7c663452 .woodmart-text-block {\n\t\t\t\t\t\t\t\t\t\t\t\t\t\t\t\t\tfont-size: 30px;\n\t\t\t\t\t\t\t\t\tline-height: 40px;\n\t\t\t\t\t\t\t\t\t\t\t\t\t\t\t\t\t\t\t\t\t\t\t}\n\n\t\t\t\t\t\t\t\t\t\t\t\t\n\t\t\t\t\t\t\t\t\t\t\t\t\t@media (max-width: 1024px) {\n\t\t\t\t\t\t\t\t#woodmart-text-block-id-69d8e7c663452 .woodmart-text-block{font-size:28px;line-height:38px;}\t\t\t\t\t\t\t}\n\t\t\t\t\t\t\n\t\t\t\t\t\t\t\t\t\t\t\t\t@media (max-width: 767px) {\n\t\t\t\t\t\t\t\t#woodmart-text-block-id-69d8e7c663452 .woodmart-text-block{font-size:24px;line-height:34px;}\t\t\t\t\t\t\t}\n\t\t\t\t\t\t\n\t\t\t\t\t<\/style>\n\t\t\t\t\t\t\t<\/div>\n\t\t\t\n\t\t\t<div id=\"woodmart-text-block-id-69d8e7c6634b2\" class=\"woodmart-text-block-wrapper color-scheme- woodmart-title-size-custom woodmart-title-width-90 text-center vc_custom_1537216871752\">\n\t\t\t\t<div class=\"woodmart-title-container woodmart-text-block font-text woodmart-font-weight-\">\n\t\t\t\t\t<em>\u00bbIch komme aus dem Dorf \u0160entjo\u0161t. In unserer Familie kocht man schon seit mehreren Generationen auf der Flamme. Meine Gro\u00dfmutter hat darauf gekocht. Immer wenn ich an die Feuerflammen denke, kehre ich \u00a0mit den Erinnerungen zur\u00fcck in ihre K\u00fcche.<\/em><\/p>\n<p><em>Auch mein Vater hat als Schmied mit dem Feuer gearbeitet. In der Familie mit f\u00fcnf Kindern habe ich als einziger Sohn ein Bed\u00fcrfnis gef\u00fchlt, dass ich diese \u00bbFeuertradition\u00ab an die n\u00e4chste Generation, an meine Kinder \u00fcbertragen sollte. Mit meinem Wissen in der Schmiedekunst, welches ich von meinem Vater erworben habe, machte ich etwas, was ich meinen S\u00f6hnen schenken konnte.\u00ab<\/em>\t\t\t\t<\/div>\n\t\t\t\t\t\t\t\t\t<style>\n\t\t\t\t\t\t\t\t\t\t\t\t\n\t\t\t\t\t\t\t#woodmart-text-block-id-69d8e7c6634b2 .woodmart-text-block {\n\t\t\t\t\t\t\t\t\t\t\t\t\t\t\t\t\tfont-size: 16px;\n\t\t\t\t\t\t\t\t\tline-height: 26px;\n\t\t\t\t\t\t\t\t\t\t\t\t\t\t\t\t\t\t\t\t\t\t\t}\n\n\t\t\t\t\t\t\t\t\t\t\t\t\n\t\t\t\t\t\t\t\t\t\t\t\t\t@media (max-width: 1024px) {\n\t\t\t\t\t\t\t\t#woodmart-text-block-id-69d8e7c6634b2 .woodmart-text-block{font-size:14px;line-height:24px;}\t\t\t\t\t\t\t}\n\t\t\t\t\t\t\n\t\t\t\t\t\t\t\t\t\t\t\t\t@media (max-width: 767px) {\n\t\t\t\t\t\t\t\t#woodmart-text-block-id-69d8e7c6634b2 .woodmart-text-block{font-size:14px;line-height:24px;}\t\t\t\t\t\t\t}\n\t\t\t\t\t\t\n\t\t\t\t\t<\/style>\n\t\t\t\t\t\t\t<\/div>\n\t\t[\/vc_column][\/vc_row][vc_row content_placement=&#8220;middle&#8220; row_reverse_mobile=&#8220;1&#8243; css=&#8220;.vc_custom_1504181248563{margin-bottom: 5vh !important;}&#8220;][vc_column width=&#8220;1\/2&#8243; css=&#8220;.vc_custom_1504079490508{margin-bottom: 35px !important;padding-top: 0px !important;}&#8220; el_class=&#8220;text-right&#8220;]\t\n\t\t\t<div id=\"woodmart-text-block-id-69d8e7c6634ef\" class=\"woodmart-text-block-wrapper color-scheme- woodmart-title-size-custom woodmart-title-width-90 text-center vc_custom_1537216959251\">\n\t\t\t\t<div class=\"woodmart-title-container woodmart-text-block font-text woodmart-font-weight-\">\n\t\t\t\t\t<em>\u00bbIch habe etwas geschmiedet, wo wir die Gerichte mit dem einzigartigen Geschmack vorbereiten k\u00f6nnen. Genau gleich, wie meine Gro\u00dfmutter dies gemacht hat. \u00a0Auf der Flamme. Mobiler Gartengrill\u00a0<\/em><em><u>Open Fire<\/u><\/em><em> f\u00fcr die offene Flamme, an welchem wir das Essen grillen, Dutch Oven kochen, sortieren, r\u00f6sten, backen, r\u00e4uchern und auch normal kochen k\u00f6nnen.<\/em><\/p>\n<p><em>Open Fire\u00a0bedeutet unserer Familie viel mehr als nur leckeres Essen. Er verbindet\u00a0 uns, f\u00fcr unvergesslichen gemeinsamen Erinnerungen, die bei unseren Familientreffen jedes Mal entstehen, wenn das Feuer aufflammt.\u00ab<\/em><\/p>\n<p><strong><em>Rajko Oblak<\/em><\/strong><em>, der Schmied und Designer von Open Fire<\/em>\t\t\t\t<\/div>\n\t\t\t\t\t\t\t\t\t<style>\n\t\t\t\t\t\t\t\t\t\t\t\t\n\t\t\t\t\t\t\t#woodmart-text-block-id-69d8e7c6634ef .woodmart-text-block {\n\t\t\t\t\t\t\t\t\t\t\t\t\t\t\t\t\tfont-size: 16px;\n\t\t\t\t\t\t\t\t\tline-height: 26px;\n\t\t\t\t\t\t\t\t\t\t\t\t\t\t\t\t\t\t\t\t\t\t\t}\n\n\t\t\t\t\t\t\t\t\t\t\t\t\n\t\t\t\t\t\t\t\t\t\t\t\t\t@media (max-width: 1024px) {\n\t\t\t\t\t\t\t\t#woodmart-text-block-id-69d8e7c6634ef .woodmart-text-block{font-size:14px;line-height:24px;}\t\t\t\t\t\t\t}\n\t\t\t\t\t\t\n\t\t\t\t\t\t\t\t\t\t\t\t\t@media (max-width: 767px) {\n\t\t\t\t\t\t\t\t#woodmart-text-block-id-69d8e7c6634ef .woodmart-text-block{font-size:14px;line-height:24px;}\t\t\t\t\t\t\t}\n\t\t\t\t\t\t\n\t\t\t\t\t<\/style>\n\t\t\t\t\t\t\t<\/div>\n\t\t\t\n\t\t\t<div id=\"woodmart-text-block-id-69d8e7c663540\" class=\"woodmart-text-block-wrapper color-scheme- woodmart-title-size-custom woodmart-title-width-90 text-center vc_custom_1523347741360\">\n\t\t\t\t<div class=\"woodmart-title-container woodmart-text-block font-text woodmart-font-weight-\">\n\t\t\t\t\t<em><strong>Rajko Oblak<\/strong>, a blacksmith and Open Fire designer<\/em>\t\t\t\t<\/div>\n\t\t\t\t\t\t\t\t\t<style>\n\t\t\t\t\t\t\t\t\t\t\t\t\n\t\t\t\t\t\t\t#woodmart-text-block-id-69d8e7c663540 .woodmart-text-block {\n\t\t\t\t\t\t\t\t\t\t\t\t\t\t\t\t\tfont-size: 16px;\n\t\t\t\t\t\t\t\t\tline-height: 26px;\n\t\t\t\t\t\t\t\t\t\t\t\t\t\t\t\t\t\t\t\t\t\t\t}\n\n\t\t\t\t\t\t\t\t\t\t\t\t\n\t\t\t\t\t\t\t\t\t\t\t\t\t@media (max-width: 1024px) {\n\t\t\t\t\t\t\t\t#woodmart-text-block-id-69d8e7c663540 .woodmart-text-block{font-size:14px;line-height:24px;}\t\t\t\t\t\t\t}\n\t\t\t\t\t\t\n\t\t\t\t\t\t\t\t\t\t\t\t\t@media (max-width: 767px) {\n\t\t\t\t\t\t\t\t#woodmart-text-block-id-69d8e7c663540 .woodmart-text-block{font-size:14px;line-height:24px;}\t\t\t\t\t\t\t}\n\t\t\t\t\t\t\n\t\t\t\t\t<\/style>\n\t\t\t\t\t\t\t<\/div>\n\t\t[\/vc_column][vc_column width=&#8220;1\/2&#8243; css=&#8220;.vc_custom_1504079666614{margin-bottom: 25px !important;padding-top: 0px !important;}&#8220; el_class=&#8220;vc_row-reverse-mobile&#8220;][vc_single_image image=&#8220;1619&#8243; img_size=&#8220;large&#8220; alignment=&#8220;center&#8220;][\/vc_column][\/vc_row]<\/p>\n","protected":false},"excerpt":{"rendered":"<p>[vc_row css=&#8220;.vc_custom_1520260877311{margin-bottom: 5vh !important;}&#8220;][vc_column][vc_empty_space height=&#8220;20px&#8220;][vc_custom_heading text=&#8220;Geschichte&#8220; font_container=&#8220;tag:h4|font_size:70|text_align:center|color:rgba(124%2C124%2C124%2C0.05)|line_height:1&#8243; use_theme_fonts=&#8220;yes&#8220; el_class=&#8220;hidden-xs&#8220; css=&#8220;.vc_custom_1523347534222{margin-bottom: -90px !important;}&#8220;][\/vc_column][\/vc_row][vc_row content_placement=&#8220;middle&#8220; css=&#8220;.vc_custom_1504016749019{margin-bottom: 2vh !important;}&#8220;][vc_column css=&#8220;.vc_custom_1503987927476{margin-bottom: 35px !important;padding-top: 0px<\/p>\n","protected":false},"author":1,"featured_media":0,"parent":0,"menu_order":0,"comment_status":"closed","ping_status":"closed","template":"","meta":{"_exactmetrics_skip_tracking":false,"_exactmetrics_sitenote_active":false,"_exactmetrics_sitenote_note":"","_exactmetrics_sitenote_category":0},"_links":{"self":[{"href":"https:\/\/www.openfire.si\/de\/wp-json\/wp\/v2\/pages\/2188"}],"collection":[{"href":"https:\/\/www.openfire.si\/de\/wp-json\/wp\/v2\/pages"}],"about":[{"href":"https:\/\/www.openfire.si\/de\/wp-json\/wp\/v2\/types\/page"}],"author":[{"embeddable":true,"href":"https:\/\/www.openfire.si\/de\/wp-json\/wp\/v2\/users\/1"}],"replies":[{"embeddable":true,"href":"https:\/\/www.openfire.si\/de\/wp-json\/wp\/v2\/comments?post=2188"}],"version-history":[{"count":7,"href":"https:\/\/www.openfire.si\/de\/wp-json\/wp\/v2\/pages\/2188\/revisions"}],"predecessor-version":[{"id":2226,"href":"https:\/\/www.openfire.si\/de\/wp-json\/wp\/v2\/pages\/2188\/revisions\/2226"}],"wp:attachment":[{"href":"https:\/\/www.openfire.si\/de\/wp-json\/wp\/v2\/media?parent=2188"}],"curies":[{"name":"wp","href":"https:\/\/api.w.org\/{rel}","templated":true}]}}